{"id":2346,"date":"2018-02-21T15:14:23","date_gmt":"2018-02-21T15:14:23","guid":{"rendered":"http:\/\/verdantetravel.com\/quienes-somos\/"},"modified":"2018-04-04T23:04:40","modified_gmt":"2018-04-04T23:04:40","slug":"quienes-somos","status":"publish","type":"page","link":"https:\/\/verdantetravel.com\/es\/quienes-somos\/","title":{"rendered":"Quienes Somos"},"content":{"rendered":"<div class=\"fusion-fullwidth fullwidth-box fusion-builder-row-1 nonhundred-percent-fullwidth non-hundred-percent-height-scrolling\" style=\"--awb-border-radius-top-left:0px;--awb-border-radius-top-right:0px;--awb-border-radius-bottom-right:0px;--awb-border-radius-bottom-left:0px;--awb-flex-wrap:wrap;\" ><div class=\"fusion-builder-row fusion-row\"><div class=\"fusion-layout-column fusion_builder_column fusion-builder-column-0 fusion_builder_column_1_1 1_1 fusion-one-full fusion-column-first fusion-column-last\" style=\"--awb-bg-size:cover;--awb-margin-bottom:0px;\"><div class=\"fusion-column-wrapper fusion-flex-column-wrapper-legacy\"><div class=\"fusion-sep-clear\"><\/div><div class=\"fusion-separator fusion-full-width-sep\" style=\"margin-left: auto;margin-right: auto;margin-top:140px;width:100%;\"><\/div><div class=\"fusion-sep-clear\"><\/div><div class=\"fusion-title title fusion-title-1 fusion-title-text fusion-title-size-one\" style=\"--awb-margin-top:20px;\"><h1 class=\"fusion-title-heading title-heading-left fusion-responsive-typography-calculated\" style=\"margin:0;--fontSize:36;line-height:1.4;\">Acerca de Verdante Travel<\/h1><span class=\"awb-title-spacer\"><\/span><div class=\"title-sep-container\"><div class=\"title-sep sep-double sep-solid\" style=\"border-color:#e91e63;\"><\/div><\/div><\/div><div class=\"fusion-text fusion-text-1\"><p>Verdante es un operador tur\u00edstico de servicio completo con oficinas en San Pedro Sula, Cop\u00e1n y la isla de Roat\u00e1n. Nos especializamos en tours integrales en el norte de Centroam\u00e9rica en toda la regi\u00f3n comprendida por Honduras, Guatemala, Belice, El Salvador y Nicaragua, tambi\u00e9n contamos con socios comerciales de confianza en Costa Rica y Panam\u00e1 para extender nuestra oferta a toda la regi\u00f3n de Am\u00e9rica Central. Con m\u00e1s de 25 a\u00f1os de experiencia sustancial brindando servicios a importantes mayoristas y compa\u00f1\u00edas de viajes de todo el mundo, hemos fusionado una base de conocimiento excelente con paquetes tur\u00edsticos \u00fanicos y emocionantes y un servicio al cliente excepcional.<\/p>\n<p>Como pioneros en la isla de Roat\u00e1n y en el territorio continental de Honduras despu\u00e9s de m\u00e1s de una d\u00e9cada proveyendo servicios a peque\u00f1os, medianos y grandes cruceros que llegan a los puertos de Honduras, nuestra operaci\u00f3n de Excursiones en tierra ha demostrado ser s\u00f3lida, con activos y personal preparados para atender adecuadamente a este segmento industrial. Somos miembros de la <strong>FCCA<\/strong> y trabajamos con todos los est\u00e1ndares, acreditaciones y seguros exigidos por la industria de los cruceros.<\/p>\n<p>Verdante cuenta con un experimentado grupo de profesionales de operaciones tur\u00edsticas y personal bien capacitado. Brindamos nuestros servicios completos a grupos e individuos, manejando toda la log\u00edstica necesaria para satisfacer todas las necesidades, as\u00ed como cubrir cualquier evento imprevisto. Al asociarse con proveedores de servicios reconocidos en cada destino y trabajar con la flota de autocares de primera clase m\u00e1s grande del pa\u00eds, Verdante ofrece a sus clientes la mejor y m\u00e1s relajante experiencia h\u00fangara y de la regi\u00f3n.<\/p>\n<p>Nuestra experiencia, conocimiento y servicio al cliente diligente por parte de nuestros ejecutivos y personal le proporcionar\u00e1 una calidad de primera clase, un precio justo y un servicio excelente como ning\u00fan otro en Honduras. Venga y experimente la belleza de Honduras, Guatemala, El Salvador, Nicaragua y Belice con Verdante y disfrute de la experiencia centroamericana m\u00e1s inolvidable.<\/p>\n<\/div><div class=\"fusion-clearfix\"><\/div><\/div><\/div><\/div><\/div>\n","protected":false},"excerpt":{"rendered":"<p>Verdante es un operador tur\u00edstico de servicio completo con oficinas en San Pedro Sula, Cop\u00e1n y la isla de Roat\u00e1n. Nos especializamos en tours integrales en el norte de Centroam\u00e9rica en toda la regi\u00f3n comprendida por Honduras, Guatemala, Belice, El Salvador y Nicaragua, tambi\u00e9n contamos con socios comerciales de confianza en Costa Rica y Panam\u00e1 para extender nuestra oferta a toda la regi\u00f3n de Am\u00e9rica Central. <\/p>\n","protected":false},"author":2,"featured_media":2280,"parent":0,"menu_order":0,"comment_status":"closed","ping_status":"closed","template":"","meta":{"footnotes":""},"class_list":["post-2346","page","type-page","status-publish","has-post-thumbnail","hentry"],"yoast_head":"<!-- This site is optimized with the Yoast SEO plugin v27.3 - https:\/\/yoast.com\/product\/yoast-seo-wordpress\/ -->\n<title>Quienes Somos - Verdante Travel<\/title>\n<meta name=\"robots\" content=\"index, follow, max-snippet:-1, max-image-preview:large, max-video-preview:-1\" \/>\n<link rel=\"canonical\" href=\"https:\/\/verdantetravel.com\/es\/quienes-somos\/\" \/>\n<meta name=\"twitter:card\" content=\"summary_large_image\" \/>\n<meta name=\"twitter:title\" content=\"Quienes Somos - Verdante Travel\" \/>\n<meta name=\"twitter:description\" content=\"Verdante es un operador tur\u00edstico de servicio completo con oficinas en San Pedro Sula, Cop\u00e1n y la isla de Roat\u00e1n. Nos especializamos en tours integrales en el norte de Centroam\u00e9rica en toda la regi\u00f3n comprendida por Honduras, Guatemala, Belice, El Salvador y Nicaragua, tambi\u00e9n contamos con socios comerciales de confianza en Costa Rica y Panam\u00e1 para extender nuestra oferta a toda la regi\u00f3n de Am\u00e9rica Central.\" \/>\n<meta name=\"twitter:image\" content=\"https:\/\/verdantetravel.com\/wp-content\/uploads\/2018\/02\/background.jpg\" \/>\n<meta name=\"twitter:label1\" content=\"Tiempo de lectura\" \/>\n\t<meta name=\"twitter:data1\" content=\"3 minutos\" \/>\n<script type=\"application\/ld+json\" class=\"yoast-schema-graph\">{\"@context\":\"https:\\\/\\\/schema.org\",\"@graph\":[{\"@type\":\"WebPage\",\"@id\":\"https:\\\/\\\/verdantetravel.com\\\/es\\\/quienes-somos\\\/\",\"url\":\"https:\\\/\\\/verdantetravel.com\\\/es\\\/quienes-somos\\\/\",\"name\":\"Quienes Somos - Verdante Travel\",\"isPartOf\":{\"@id\":\"https:\\\/\\\/verdantetravel.com\\\/es\\\/#website\"},\"primaryImageOfPage\":{\"@id\":\"https:\\\/\\\/verdantetravel.com\\\/es\\\/quienes-somos\\\/#primaryimage\"},\"image\":{\"@id\":\"https:\\\/\\\/verdantetravel.com\\\/es\\\/quienes-somos\\\/#primaryimage\"},\"thumbnailUrl\":\"https:\\\/\\\/verdantetravel.com\\\/wp-content\\\/uploads\\\/2018\\\/02\\\/background.jpg\",\"datePublished\":\"2018-02-21T15:14:23+00:00\",\"dateModified\":\"2018-04-04T23:04:40+00:00\",\"breadcrumb\":{\"@id\":\"https:\\\/\\\/verdantetravel.com\\\/es\\\/quienes-somos\\\/#breadcrumb\"},\"inLanguage\":\"es\",\"potentialAction\":[{\"@type\":\"ReadAction\",\"target\":[\"https:\\\/\\\/verdantetravel.com\\\/es\\\/quienes-somos\\\/\"]}]},{\"@type\":\"ImageObject\",\"inLanguage\":\"es\",\"@id\":\"https:\\\/\\\/verdantetravel.com\\\/es\\\/quienes-somos\\\/#primaryimage\",\"url\":\"https:\\\/\\\/verdantetravel.com\\\/wp-content\\\/uploads\\\/2018\\\/02\\\/background.jpg\",\"contentUrl\":\"https:\\\/\\\/verdantetravel.com\\\/wp-content\\\/uploads\\\/2018\\\/02\\\/background.jpg\",\"width\":979,\"height\":385},{\"@type\":\"BreadcrumbList\",\"@id\":\"https:\\\/\\\/verdantetravel.com\\\/es\\\/quienes-somos\\\/#breadcrumb\",\"itemListElement\":[{\"@type\":\"ListItem\",\"position\":1,\"name\":\"Home\",\"item\":\"https:\\\/\\\/verdantetravel.com\\\/es\\\/\"},{\"@type\":\"ListItem\",\"position\":2,\"name\":\"Quienes Somos\"}]},{\"@type\":\"WebSite\",\"@id\":\"https:\\\/\\\/verdantetravel.com\\\/es\\\/#website\",\"url\":\"https:\\\/\\\/verdantetravel.com\\\/es\\\/\",\"name\":\"Verdante Travel\",\"description\":\"Su completa experiencia de Centroam\u00e9rica...\",\"potentialAction\":[{\"@type\":\"SearchAction\",\"target\":{\"@type\":\"EntryPoint\",\"urlTemplate\":\"https:\\\/\\\/verdantetravel.com\\\/es\\\/?s={search_term_string}\"},\"query-input\":{\"@type\":\"PropertyValueSpecification\",\"valueRequired\":true,\"valueName\":\"search_term_string\"}}],\"inLanguage\":\"es\"}]}<\/script>\n<!-- \/ Yoast SEO plugin. -->","yoast_head_json":{"title":"Quienes Somos - Verdante Travel","robots":{"index":"index","follow":"follow","max-snippet":"max-snippet:-1","max-image-preview":"max-image-preview:large","max-video-preview":"max-video-preview:-1"},"canonical":"https:\/\/verdantetravel.com\/es\/quienes-somos\/","twitter_card":"summary_large_image","twitter_title":"Quienes Somos - Verdante Travel","twitter_description":"Verdante es un operador tur\u00edstico de servicio completo con oficinas en San Pedro Sula, Cop\u00e1n y la isla de Roat\u00e1n. Nos especializamos en tours integrales en el norte de Centroam\u00e9rica en toda la regi\u00f3n comprendida por Honduras, Guatemala, Belice, El Salvador y Nicaragua, tambi\u00e9n contamos con socios comerciales de confianza en Costa Rica y Panam\u00e1 para extender nuestra oferta a toda la regi\u00f3n de Am\u00e9rica Central.","twitter_image":"https:\/\/verdantetravel.com\/wp-content\/uploads\/2018\/02\/background.jpg","twitter_misc":{"Tiempo de lectura":"3 minutos"},"schema":{"@context":"https:\/\/schema.org","@graph":[{"@type":"WebPage","@id":"https:\/\/verdantetravel.com\/es\/quienes-somos\/","url":"https:\/\/verdantetravel.com\/es\/quienes-somos\/","name":"Quienes Somos - Verdante Travel","isPartOf":{"@id":"https:\/\/verdantetravel.com\/es\/#website"},"primaryImageOfPage":{"@id":"https:\/\/verdantetravel.com\/es\/quienes-somos\/#primaryimage"},"image":{"@id":"https:\/\/verdantetravel.com\/es\/quienes-somos\/#primaryimage"},"thumbnailUrl":"https:\/\/verdantetravel.com\/wp-content\/uploads\/2018\/02\/background.jpg","datePublished":"2018-02-21T15:14:23+00:00","dateModified":"2018-04-04T23:04:40+00:00","breadcrumb":{"@id":"https:\/\/verdantetravel.com\/es\/quienes-somos\/#breadcrumb"},"inLanguage":"es","potentialAction":[{"@type":"ReadAction","target":["https:\/\/verdantetravel.com\/es\/quienes-somos\/"]}]},{"@type":"ImageObject","inLanguage":"es","@id":"https:\/\/verdantetravel.com\/es\/quienes-somos\/#primaryimage","url":"https:\/\/verdantetravel.com\/wp-content\/uploads\/2018\/02\/background.jpg","contentUrl":"https:\/\/verdantetravel.com\/wp-content\/uploads\/2018\/02\/background.jpg","width":979,"height":385},{"@type":"BreadcrumbList","@id":"https:\/\/verdantetravel.com\/es\/quienes-somos\/#breadcrumb","itemListElement":[{"@type":"ListItem","position":1,"name":"Home","item":"https:\/\/verdantetravel.com\/es\/"},{"@type":"ListItem","position":2,"name":"Quienes Somos"}]},{"@type":"WebSite","@id":"https:\/\/verdantetravel.com\/es\/#website","url":"https:\/\/verdantetravel.com\/es\/","name":"Verdante Travel","description":"Su completa experiencia de Centroam\u00e9rica...","potentialAction":[{"@type":"SearchAction","target":{"@type":"EntryPoint","urlTemplate":"https:\/\/verdantetravel.com\/es\/?s={search_term_string}"},"query-input":{"@type":"PropertyValueSpecification","valueRequired":true,"valueName":"search_term_string"}}],"inLanguage":"es"}]}},"_links":{"self":[{"href":"https:\/\/verdantetravel.com\/es\/wp-json\/wp\/v2\/pages\/2346","targetHints":{"allow":["GET"]}}],"collection":[{"href":"https:\/\/verdantetravel.com\/es\/wp-json\/wp\/v2\/pages"}],"about":[{"href":"https:\/\/verdantetravel.com\/es\/wp-json\/wp\/v2\/types\/page"}],"author":[{"embeddable":true,"href":"https:\/\/verdantetravel.com\/es\/wp-json\/wp\/v2\/users\/2"}],"replies":[{"embeddable":true,"href":"https:\/\/verdantetravel.com\/es\/wp-json\/wp\/v2\/comments?post=2346"}],"version-history":[{"count":0,"href":"https:\/\/verdantetravel.com\/es\/wp-json\/wp\/v2\/pages\/2346\/revisions"}],"wp:featuredmedia":[{"embeddable":true,"href":"https:\/\/verdantetravel.com\/es\/wp-json\/wp\/v2\/media\/2280"}],"wp:attachment":[{"href":"https:\/\/verdantetravel.com\/es\/wp-json\/wp\/v2\/media?parent=2346"}],"curies":[{"name":"wp","href":"https:\/\/api.w.org\/{rel}","templated":true}]}}