{"id":2412,"date":"2018-02-21T17:16:54","date_gmt":"2018-02-21T17:16:54","guid":{"rendered":"http:\/\/verdantetravel.com\/destinos\/el-salvador\/"},"modified":"2018-04-05T00:56:45","modified_gmt":"2018-04-05T00:56:45","slug":"el-salvador","status":"publish","type":"page","link":"https:\/\/verdantetravel.com\/es\/destinos\/el-salvador\/","title":{"rendered":"El Salvador"},"content":{"rendered":"<p><div class=\"fusion-fullwidth fullwidth-box fusion-builder-row-1 hundred-percent-fullwidth non-hundred-percent-height-scrolling\" style=\"--awb-border-radius-top-left:0px;--awb-border-radius-top-right:0px;--awb-border-radius-bottom-right:0px;--awb-border-radius-bottom-left:0px;--awb-padding-top:0px;--awb-padding-right:0px;--awb-padding-bottom:0px;--awb-padding-left:0px;--awb-margin-top:-40px;--awb-margin-bottom:0px;--awb-flex-wrap:wrap;\" ><div class=\"fusion-builder-row fusion-row\"><div class=\"fusion-layout-column fusion_builder_column fusion-builder-column-0 fusion_builder_column_1_1 1_1 fusion-one-full fusion-column-first fusion-column-last\" style=\"--awb-bg-size:cover;\"><div class=\"fusion-column-wrapper fusion-flex-column-wrapper-legacy\"><div class=\"fusion-image-element in-legacy-container\" style=\"--awb-caption-title-font-family:var(--h2_typography-font-family);--awb-caption-title-font-weight:var(--h2_typography-font-weight);--awb-caption-title-font-style:var(--h2_typography-font-style);--awb-caption-title-size:var(--h2_typography-font-size);--awb-caption-title-transform:var(--h2_typography-text-transform);--awb-caption-title-line-height:var(--h2_typography-line-height);--awb-caption-title-letter-spacing:var(--h2_typography-letter-spacing);\"><span class=\" fusion-imageframe imageframe-none imageframe-1 hover-type-zoomin fusion-animated\" data-animationType=\"fadeInUp\" data-animationDuration=\"0.3\" data-animationOffset=\"top-into-view\"><img decoding=\"async\" width=\"1920\" height=\"1080\" alt=\"Cerro Verde, El Salvador\" title=\"Cerro Verde, El Salvador\" src=\"http:\/\/verdantetravel.com\/wp-content\/uploads\/2018\/04\/Cerro-Verde-El-Salvador.jpg\" class=\"img-responsive wp-image-5671\"\/><\/span><\/div><div class=\"fusion-clearfix\"><\/div><\/div><\/div><\/div><\/div><div class=\"fusion-fullwidth fullwidth-box fusion-builder-row-2 nonhundred-percent-fullwidth non-hundred-percent-height-scrolling\" style=\"--awb-border-radius-top-left:0px;--awb-border-radius-top-right:0px;--awb-border-radius-bottom-right:0px;--awb-border-radius-bottom-left:0px;--awb-flex-wrap:wrap;\" ><div class=\"fusion-builder-row fusion-row\"><div class=\"fusion-layout-column fusion_builder_column fusion-builder-column-1 fusion_builder_column_1_1 1_1 fusion-one-full fusion-column-first fusion-column-last fusion-column-no-min-height\" style=\"--awb-bg-size:cover;--awb-margin-bottom:0px;\"><div class=\"fusion-column-wrapper fusion-flex-column-wrapper-legacy\"><div class=\"fusion-title title fusion-title-1 fusion-title-text fusion-title-size-one\" style=\"--awb-margin-top:20px;\"><h1 class=\"fusion-title-heading title-heading-left fusion-responsive-typography-calculated\" style=\"margin:0;--fontSize:36;line-height:1.4;\">El Salvador<\/h1><span class=\"awb-title-spacer\"><\/span><div class=\"title-sep-container\"><div class=\"title-sep sep-double sep-solid\" style=\"border-color:#e91e63;\"><\/div><\/div><\/div><div class=\"fusion-text fusion-text-1\"><p>El Salvador es una peque\u00f1a naci\u00f3n centroamericana conocida por sus playas del Oc\u00e9ano Pac\u00edfico, el surf y el paisaje monta\u00f1oso. Su Ruta de Las Flores es un viaje sinuoso a trav\u00e9s de granjas de caf\u00e9 en flor, sitios de tirolesa en la selva y ciudades como Juay\u00faa, con su festival de comida de fin de semana, y Ataco, hogar de v\u00edvidos murales. La capital, San Salvador, con un dram\u00e1tico tel\u00f3n de fondo de volcanes, tiene vibrante vida nocturna y escenas art\u00edsticas.<\/p>\n<\/div><div class=\"fusion-clearfix\"><\/div><\/div><\/div><div class=\"fusion-layout-column fusion_builder_column fusion-builder-column-2 fusion_builder_column_1_1 1_1 fusion-one-full fusion-column-first fusion-column-last fusion-column-no-min-height\" style=\"--awb-bg-size:cover;--awb-margin-bottom:0px;\"><div class=\"fusion-column-wrapper fusion-flex-column-wrapper-legacy\"><div class=\"fusion-title title fusion-title-2 fusion-title-text fusion-title-size-two\"><h2 class=\"fusion-title-heading title-heading-left fusion-responsive-typography-calculated\" style=\"margin:0;--fontSize:22;line-height:1.5;\">Tours en un D\u00eda en El Salvador<\/h2><span class=\"awb-title-spacer\"><\/span><div class=\"title-sep-container\"><div class=\"title-sep sep-double sep-solid\" style=\"border-color:#e91e63;\"><\/div><\/div><\/div><div class=\"fusion-clearfix\"><\/div><\/div><\/div><div class=\"fusion-layout-column fusion_builder_column fusion-builder-column-3 fusion_builder_column_1_1 1_1 fusion-one-full fusion-column-first fusion-column-last fusion-column-no-min-height\" style=\"--awb-bg-size:cover;--awb-margin-bottom:0px;\"><div class=\"fusion-column-wrapper fusion-flex-column-wrapper-legacy\"><div class=\"fusion-clearfix\"><\/div><\/div><\/div><div class=\"fusion-layout-column fusion_builder_column fusion-builder-column-4 fusion_builder_column_1_1 1_1 fusion-one-full fusion-column-first fusion-column-last fusion-column-no-min-height\" style=\"--awb-bg-size:cover;--awb-margin-bottom:0px;\"><div class=\"fusion-column-wrapper fusion-flex-column-wrapper-legacy\"><div class=\"fusion-title title fusion-title-3 fusion-title-text fusion-title-size-two\"><h2 class=\"fusion-title-heading title-heading-left fusion-responsive-typography-calculated\" style=\"margin:0;--fontSize:22;line-height:1.5;\">Itinerarios que Incluyen El Salvador<\/h2><span class=\"awb-title-spacer\"><\/span><div class=\"title-sep-container\"><div class=\"title-sep sep-double sep-solid\" style=\"border-color:#e91e63;\"><\/div><\/div><\/div><div class=\"fusion-clearfix\"><\/div><\/div><\/div><div class=\"fusion-layout-column fusion_builder_column fusion-builder-column-5 fusion_builder_column_1_1 1_1 fusion-one-full fusion-column-first fusion-column-last fusion-column-no-min-height\" style=\"--awb-bg-size:cover;--awb-margin-bottom:0px;\"><div class=\"fusion-column-wrapper fusion-flex-column-wrapper-legacy\"><div class=\"fusion-clearfix\"><\/div><\/div><\/div><div class=\"fusion-layout-column fusion_builder_column fusion-builder-column-6 fusion_builder_column_1_1 1_1 fusion-one-full fusion-column-first fusion-column-last fusion-column-no-min-height\" style=\"--awb-bg-size:cover;--awb-margin-bottom:0px;\"><div class=\"fusion-column-wrapper fusion-flex-column-wrapper-legacy\"><div class=\"fusion-title title fusion-title-4 fusion-title-text fusion-title-size-two\"><h2 class=\"fusion-title-heading title-heading-left fusion-responsive-typography-calculated\" style=\"margin:0;--fontSize:22;line-height:1.5;\">Hoteles en El Salvador<\/h2><span class=\"awb-title-spacer\"><\/span><div class=\"title-sep-container\"><div class=\"title-sep sep-double sep-solid\" style=\"border-color:#e91e63;\"><\/div><\/div><\/div><div class=\"fusion-clearfix\"><\/div><\/div><\/div><div class=\"fusion-layout-column fusion_builder_column fusion-builder-column-7 fusion_builder_column_1_1 1_1 fusion-one-full fusion-column-first fusion-column-last fusion-column-no-min-height\" style=\"--awb-bg-size:cover;--awb-margin-bottom:0px;\"><div class=\"fusion-column-wrapper fusion-flex-column-wrapper-legacy\"><div class=\"fusion-clearfix\"><\/div><\/div><\/div><\/div><\/div><\/p>\n","protected":false},"excerpt":{"rendered":"<p>El Salvador es una peque\u00f1a naci\u00f3n centroamericana conocida por sus playas del Oc\u00e9ano Pac\u00edfico, el surf y el paisaje monta\u00f1oso. Su Ruta de Las Flores es un viaje sinuoso a trav\u00e9s de granjas de caf\u00e9 en flor, sitios de tirolesa en la selva y ciudades como Juay\u00faa, con su festival de comida de fin de semana, y Ataco, hogar de v\u00edvidos murales. La capital, San Salvador, con un dram\u00e1tico tel\u00f3n de fondo de volcanes, tiene una vibrante vida nocturna y escenas art\u00edsticas.<\/p>\n","protected":false},"author":2,"featured_media":5671,"parent":2358,"menu_order":4,"comment_status":"closed","ping_status":"closed","template":"100-width.php","meta":{"footnotes":""},"class_list":["post-2412","page","type-page","status-publish","has-post-thumbnail","hentry"],"yoast_head":"<!-- This site is optimized with the Yoast SEO plugin v27.3 - https:\/\/yoast.com\/product\/yoast-seo-wordpress\/ -->\n<title>El Salvador - Verdante Travel<\/title>\n<meta name=\"robots\" content=\"index, follow, max-snippet:-1, max-image-preview:large, max-video-preview:-1\" \/>\n<link rel=\"canonical\" href=\"https:\/\/verdantetravel.com\/es\/destinos\/el-salvador\/\" \/>\n<meta name=\"twitter:card\" content=\"summary_large_image\" \/>\n<meta name=\"twitter:title\" content=\"El Salvador - Verdante Travel\" \/>\n<meta name=\"twitter:description\" content=\"El Salvador es una peque\u00f1a naci\u00f3n centroamericana conocida por sus playas del Oc\u00e9ano Pac\u00edfico, el surf y el paisaje monta\u00f1oso. Su Ruta de Las Flores es un viaje sinuoso a trav\u00e9s de granjas de caf\u00e9 en flor, sitios de tirolesa en la selva y ciudades como Juay\u00faa, con su festival de comida de fin de semana, y Ataco, hogar de v\u00edvidos murales. La capital, San Salvador, con un dram\u00e1tico tel\u00f3n de fondo de volcanes, tiene una vibrante vida nocturna y escenas art\u00edsticas.\" \/>\n<meta name=\"twitter:image\" content=\"https:\/\/verdantetravel.com\/wp-content\/uploads\/2018\/04\/cerro-verde-el-salvador.jpg\" \/>\n<meta name=\"twitter:label1\" content=\"Tiempo de lectura\" \/>\n\t<meta name=\"twitter:data1\" content=\"6 minutos\" \/>\n<script type=\"application\/ld+json\" class=\"yoast-schema-graph\">{\"@context\":\"https:\\\/\\\/schema.org\",\"@graph\":[{\"@type\":\"WebPage\",\"@id\":\"https:\\\/\\\/verdantetravel.com\\\/es\\\/destinos\\\/el-salvador\\\/\",\"url\":\"https:\\\/\\\/verdantetravel.com\\\/es\\\/destinos\\\/el-salvador\\\/\",\"name\":\"El Salvador - Verdante Travel\",\"isPartOf\":{\"@id\":\"https:\\\/\\\/verdantetravel.com\\\/es\\\/#website\"},\"primaryImageOfPage\":{\"@id\":\"https:\\\/\\\/verdantetravel.com\\\/es\\\/destinos\\\/el-salvador\\\/#primaryimage\"},\"image\":{\"@id\":\"https:\\\/\\\/verdantetravel.com\\\/es\\\/destinos\\\/el-salvador\\\/#primaryimage\"},\"thumbnailUrl\":\"https:\\\/\\\/verdantetravel.com\\\/wp-content\\\/uploads\\\/2018\\\/04\\\/cerro-verde-el-salvador.jpg\",\"datePublished\":\"2018-02-21T17:16:54+00:00\",\"dateModified\":\"2018-04-05T00:56:45+00:00\",\"breadcrumb\":{\"@id\":\"https:\\\/\\\/verdantetravel.com\\\/es\\\/destinos\\\/el-salvador\\\/#breadcrumb\"},\"inLanguage\":\"es\",\"potentialAction\":[{\"@type\":\"ReadAction\",\"target\":[\"https:\\\/\\\/verdantetravel.com\\\/es\\\/destinos\\\/el-salvador\\\/\"]}]},{\"@type\":\"ImageObject\",\"inLanguage\":\"es\",\"@id\":\"https:\\\/\\\/verdantetravel.com\\\/es\\\/destinos\\\/el-salvador\\\/#primaryimage\",\"url\":\"https:\\\/\\\/verdantetravel.com\\\/wp-content\\\/uploads\\\/2018\\\/04\\\/cerro-verde-el-salvador.jpg\",\"contentUrl\":\"https:\\\/\\\/verdantetravel.com\\\/wp-content\\\/uploads\\\/2018\\\/04\\\/cerro-verde-el-salvador.jpg\",\"width\":1920,\"height\":1080,\"caption\":\"Cerro Verde, El Salvador\"},{\"@type\":\"BreadcrumbList\",\"@id\":\"https:\\\/\\\/verdantetravel.com\\\/es\\\/destinos\\\/el-salvador\\\/#breadcrumb\",\"itemListElement\":[{\"@type\":\"ListItem\",\"position\":1,\"name\":\"Home\",\"item\":\"https:\\\/\\\/verdantetravel.com\\\/es\\\/\"},{\"@type\":\"ListItem\",\"position\":2,\"name\":\"Destinos\",\"item\":\"https:\\\/\\\/verdantetravel.com\\\/es\\\/destinos\\\/\"},{\"@type\":\"ListItem\",\"position\":3,\"name\":\"El Salvador\"}]},{\"@type\":\"WebSite\",\"@id\":\"https:\\\/\\\/verdantetravel.com\\\/es\\\/#website\",\"url\":\"https:\\\/\\\/verdantetravel.com\\\/es\\\/\",\"name\":\"Verdante Travel\",\"description\":\"Su completa experiencia de Centroam\u00e9rica...\",\"potentialAction\":[{\"@type\":\"SearchAction\",\"target\":{\"@type\":\"EntryPoint\",\"urlTemplate\":\"https:\\\/\\\/verdantetravel.com\\\/es\\\/?s={search_term_string}\"},\"query-input\":{\"@type\":\"PropertyValueSpecification\",\"valueRequired\":true,\"valueName\":\"search_term_string\"}}],\"inLanguage\":\"es\"}]}<\/script>\n<!-- \/ Yoast SEO plugin. -->","yoast_head_json":{"title":"El Salvador - Verdante Travel","robots":{"index":"index","follow":"follow","max-snippet":"max-snippet:-1","max-image-preview":"max-image-preview:large","max-video-preview":"max-video-preview:-1"},"canonical":"https:\/\/verdantetravel.com\/es\/destinos\/el-salvador\/","twitter_card":"summary_large_image","twitter_title":"El Salvador - Verdante Travel","twitter_description":"El Salvador es una peque\u00f1a naci\u00f3n centroamericana conocida por sus playas del Oc\u00e9ano Pac\u00edfico, el surf y el paisaje monta\u00f1oso. Su Ruta de Las Flores es un viaje sinuoso a trav\u00e9s de granjas de caf\u00e9 en flor, sitios de tirolesa en la selva y ciudades como Juay\u00faa, con su festival de comida de fin de semana, y Ataco, hogar de v\u00edvidos murales. La capital, San Salvador, con un dram\u00e1tico tel\u00f3n de fondo de volcanes, tiene una vibrante vida nocturna y escenas art\u00edsticas.","twitter_image":"https:\/\/verdantetravel.com\/wp-content\/uploads\/2018\/04\/cerro-verde-el-salvador.jpg","twitter_misc":{"Tiempo de lectura":"6 minutos"},"schema":{"@context":"https:\/\/schema.org","@graph":[{"@type":"WebPage","@id":"https:\/\/verdantetravel.com\/es\/destinos\/el-salvador\/","url":"https:\/\/verdantetravel.com\/es\/destinos\/el-salvador\/","name":"El Salvador - Verdante Travel","isPartOf":{"@id":"https:\/\/verdantetravel.com\/es\/#website"},"primaryImageOfPage":{"@id":"https:\/\/verdantetravel.com\/es\/destinos\/el-salvador\/#primaryimage"},"image":{"@id":"https:\/\/verdantetravel.com\/es\/destinos\/el-salvador\/#primaryimage"},"thumbnailUrl":"https:\/\/verdantetravel.com\/wp-content\/uploads\/2018\/04\/cerro-verde-el-salvador.jpg","datePublished":"2018-02-21T17:16:54+00:00","dateModified":"2018-04-05T00:56:45+00:00","breadcrumb":{"@id":"https:\/\/verdantetravel.com\/es\/destinos\/el-salvador\/#breadcrumb"},"inLanguage":"es","potentialAction":[{"@type":"ReadAction","target":["https:\/\/verdantetravel.com\/es\/destinos\/el-salvador\/"]}]},{"@type":"ImageObject","inLanguage":"es","@id":"https:\/\/verdantetravel.com\/es\/destinos\/el-salvador\/#primaryimage","url":"https:\/\/verdantetravel.com\/wp-content\/uploads\/2018\/04\/cerro-verde-el-salvador.jpg","contentUrl":"https:\/\/verdantetravel.com\/wp-content\/uploads\/2018\/04\/cerro-verde-el-salvador.jpg","width":1920,"height":1080,"caption":"Cerro Verde, El Salvador"},{"@type":"BreadcrumbList","@id":"https:\/\/verdantetravel.com\/es\/destinos\/el-salvador\/#breadcrumb","itemListElement":[{"@type":"ListItem","position":1,"name":"Home","item":"https:\/\/verdantetravel.com\/es\/"},{"@type":"ListItem","position":2,"name":"Destinos","item":"https:\/\/verdantetravel.com\/es\/destinos\/"},{"@type":"ListItem","position":3,"name":"El Salvador"}]},{"@type":"WebSite","@id":"https:\/\/verdantetravel.com\/es\/#website","url":"https:\/\/verdantetravel.com\/es\/","name":"Verdante Travel","description":"Su completa experiencia de Centroam\u00e9rica...","potentialAction":[{"@type":"SearchAction","target":{"@type":"EntryPoint","urlTemplate":"https:\/\/verdantetravel.com\/es\/?s={search_term_string}"},"query-input":{"@type":"PropertyValueSpecification","valueRequired":true,"valueName":"search_term_string"}}],"inLanguage":"es"}]}},"_links":{"self":[{"href":"https:\/\/verdantetravel.com\/es\/wp-json\/wp\/v2\/pages\/2412","targetHints":{"allow":["GET"]}}],"collection":[{"href":"https:\/\/verdantetravel.com\/es\/wp-json\/wp\/v2\/pages"}],"about":[{"href":"https:\/\/verdantetravel.com\/es\/wp-json\/wp\/v2\/types\/page"}],"author":[{"embeddable":true,"href":"https:\/\/verdantetravel.com\/es\/wp-json\/wp\/v2\/users\/2"}],"replies":[{"embeddable":true,"href":"https:\/\/verdantetravel.com\/es\/wp-json\/wp\/v2\/comments?post=2412"}],"version-history":[{"count":0,"href":"https:\/\/verdantetravel.com\/es\/wp-json\/wp\/v2\/pages\/2412\/revisions"}],"up":[{"embeddable":true,"href":"https:\/\/verdantetravel.com\/es\/wp-json\/wp\/v2\/pages\/2358"}],"wp:featuredmedia":[{"embeddable":true,"href":"https:\/\/verdantetravel.com\/es\/wp-json\/wp\/v2\/media\/5671"}],"wp:attachment":[{"href":"https:\/\/verdantetravel.com\/es\/wp-json\/wp\/v2\/media?parent=2412"}],"curies":[{"name":"wp","href":"https:\/\/api.w.org\/{rel}","templated":true}]}}